{"id":3037,"date":"2021-10-14T11:56:50","date_gmt":"2021-10-14T09:56:50","guid":{"rendered":"http:\/\/psicologaolbiait.trasferimentiaruba.it\/?page_id=3037"},"modified":"2022-02-22T11:53:04","modified_gmt":"2022-02-22T10:53:04","slug":"counseling","status":"publish","type":"page","link":"https:\/\/www.psicologaolbia.it\/?page_id=3037","title":{"rendered":"Il mio approccio"},"content":{"rendered":"\t\t<div data-elementor-type=\"wp-page\" data-elementor-id=\"3037\" class=\"elementor elementor-3037\">\n\t\t\t\t\t\t<section class=\"elementor-section elementor-top-section elementor-element elementor-element-7e8eef elementor-section-height-min-height elementor-section-items-bottom elementor-section-boxed elementor-section-height-default\" data-id=\"7e8eef\" data-element_type=\"section\" data-settings=\"{&quot;background_background&quot;:&quot;classic&quot;}\">\n\t\t\t\t\t\t\t<div class=\"elementor-background-overlay\"><\/div>\n\t\t\t\t\t\t\t<div class=\"elementor-container elementor-column-gap-no\">\n\t\t\t\t\t<div class=\"elementor-column elementor-col-100 elementor-top-column elementor-element elementor-element-31bef83d\" data-id=\"31bef83d\" data-element_type=\"column\" data-settings=\"{&quot;background_background&quot;:&quot;classic&quot;}\">\n\t\t\t<div class=\"elementor-widget-wrap elementor-element-populated\">\n\t\t\t\t\t\t<div class=\"elementor-element elementor-element-69da68b elementor-widget elementor-widget-heading\" data-id=\"69da68b\" data-element_type=\"widget\" data-settings=\"{&quot;_animation&quot;:&quot;none&quot;,&quot;_animation_delay&quot;:&quot;300&quot;}\" data-widget_type=\"heading.default\">\n\t\t\t\t<div class=\"elementor-widget-container\">\n\t\t\t<h1 class=\"elementor-heading-title elementor-size-default\">Il mio approccio<\/h1>\t\t<\/div>\n\t\t\t\t<\/div>\n\t\t\t\t\t<\/div>\n\t\t<\/div>\n\t\t\t\t\t<\/div>\n\t\t<\/section>\n\t\t\t\t<section class=\"elementor-section elementor-top-section elementor-element elementor-element-37706e0 elementor-section-boxed elementor-section-height-default elementor-section-height-default\" data-id=\"37706e0\" data-element_type=\"section\">\n\t\t\t\t\t\t<div class=\"elementor-container elementor-column-gap-default\">\n\t\t\t\t\t<div class=\"elementor-column elementor-col-100 elementor-top-column elementor-element elementor-element-5806324\" data-id=\"5806324\" data-element_type=\"column\">\n\t\t\t<div class=\"elementor-widget-wrap elementor-element-populated\">\n\t\t\t\t\t\t<div class=\"elementor-element elementor-element-9a8fe3e elementor-widget elementor-widget-heading\" data-id=\"9a8fe3e\" data-element_type=\"widget\" data-widget_type=\"heading.default\">\n\t\t\t\t<div class=\"elementor-widget-container\">\n\t\t\t<h2 class=\"elementor-heading-title elementor-size-default\">Counseling Psicologico approccio integrato<\/h2>\t\t<\/div>\n\t\t\t\t<\/div>\n\t\t\t\t\t<\/div>\n\t\t<\/div>\n\t\t\t\t\t<\/div>\n\t\t<\/section>\n\t\t\t\t<section class=\"elementor-section elementor-top-section elementor-element elementor-element-abd5a51 elementor-section-boxed elementor-section-height-default elementor-section-height-default\" data-id=\"abd5a51\" data-element_type=\"section\">\n\t\t\t\t\t\t<div class=\"elementor-container elementor-column-gap-default\">\n\t\t\t\t\t<div class=\"elementor-column elementor-col-100 elementor-top-column elementor-element elementor-element-e90f26b\" data-id=\"e90f26b\" data-element_type=\"column\">\n\t\t\t<div class=\"elementor-widget-wrap elementor-element-populated\">\n\t\t\t\t\t\t<div class=\"elementor-element elementor-element-7ef98e7 elementor-widget elementor-widget-text-editor\" data-id=\"7ef98e7\" data-element_type=\"widget\" data-widget_type=\"text-editor.default\">\n\t\t\t\t<div class=\"elementor-widget-container\">\n\t\t\t\t\t\t\t<p>Quando una persona si rivolge a me iniziamo a percorrere una strada, un percorso insieme, che avr\u00e0 come destinazione il \u201cbenessere psicologico \u201c, ossia una condizione soggettiva dove la persona si senta maggiormente a suo agio e senta che sta affrontando la realt\u00e0 al meglio delle sue possibilit\u00e0.<br \/><b>\u201cIl benessere psicologico \u00e8 essere come davvero desideriamo essere e non come dovremo essere.\u201c<br \/><\/b>\u00c9 quella condizione in cui emozioni, pensieri, comportamenti, desideri e sensazioni ci rispecchiamo totalmente.<br \/>I significati e i contenuti del benessere psicologico sono squisitamente soggettivi e il mio ruolo \u00e8 quello di esplorare come la persona desidera essere e agire di fronte alle varie sfide della vita.<br \/>Per fare questo, utilizzo il <b>processo di counseling psicologico<\/b>, un insieme di strumenti che, attraverso l&#8217;uso della relazione d&#8217;aiuto, facilitano lo sviluppo delle risorse personali migliorando la conoscenza di s\u00e9.<br \/>La relazione d\u2019aiuto con lo psicologo porta la persona a porre pi\u00f9 attenzione su di s\u00e9: l\u2019attenzione e l\u2019ascolto di s\u00e9 stessi rappresentano le fondamenta per il CAMBIAMENTO.<br \/>La cura di s\u00e9, infatti, \u00e8 un\u2019abilit\u00e0 fondamentale per vivere una vita armoniosa e per raggiungere i propri obiettivi.<br \/>Mi piace ricordare una frase che spesso ho ascoltato nella mia formazione e che \u00e8 diventata un pilastro della mia vita: \u201cl\u2019attenzione \u00e8 gi\u00e0 la cura\u201d.<br \/>Se impariamo a prestarci attenzione, davvero, con impegno, gentilezza e amorevolezza, stiamo percorrendo la via della guarigione.<\/p><p>\u00a0<\/p>\t\t\t\t\t\t<\/div>\n\t\t\t\t<\/div>\n\t\t\t\t\t<\/div>\n\t\t<\/div>\n\t\t\t\t\t<\/div>\n\t\t<\/section>\n\t\t\t\t<section class=\"elementor-section elementor-top-section elementor-element elementor-element-366e3bd elementor-section-boxed elementor-section-height-default elementor-section-height-default\" data-id=\"366e3bd\" data-element_type=\"section\">\n\t\t\t\t\t\t<div class=\"elementor-container elementor-column-gap-default\">\n\t\t\t\t\t<div class=\"elementor-column elementor-col-50 elementor-top-column elementor-element elementor-element-867faac\" data-id=\"867faac\" data-element_type=\"column\">\n\t\t\t<div class=\"elementor-widget-wrap elementor-element-populated\">\n\t\t\t\t\t\t<div class=\"elementor-element elementor-element-74ec8b8 elementor-widget elementor-widget-image\" data-id=\"74ec8b8\" data-element_type=\"widget\" data-widget_type=\"image.default\">\n\t\t\t\t<div class=\"elementor-widget-container\">\n\t\t\t\t\t\t\t\t\t\t\t\t\t<img fetchpriority=\"high\" decoding=\"async\" width=\"800\" height=\"1000\" src=\"https:\/\/www.psicologaolbia.it\/wp-content\/uploads\/271660556_7382620085085298_7365100681601457925_n-819x1024.jpg\" class=\"attachment-large size-large wp-image-3338\" alt=\"\" srcset=\"https:\/\/www.psicologaolbia.it\/wp-content\/uploads\/271660556_7382620085085298_7365100681601457925_n-819x1024.jpg 819w, https:\/\/www.psicologaolbia.it\/wp-content\/uploads\/271660556_7382620085085298_7365100681601457925_n-240x300.jpg 240w, https:\/\/www.psicologaolbia.it\/wp-content\/uploads\/271660556_7382620085085298_7365100681601457925_n-768x960.jpg 768w, https:\/\/www.psicologaolbia.it\/wp-content\/uploads\/271660556_7382620085085298_7365100681601457925_n.jpg 1080w\" sizes=\"(max-width: 800px) 100vw, 800px\" \/>\t\t\t\t\t\t\t\t\t\t\t\t\t<\/div>\n\t\t\t\t<\/div>\n\t\t\t\t\t<\/div>\n\t\t<\/div>\n\t\t\t\t<div class=\"elementor-column elementor-col-50 elementor-top-column elementor-element elementor-element-3291c30\" data-id=\"3291c30\" data-element_type=\"column\">\n\t\t\t<div class=\"elementor-widget-wrap elementor-element-populated\">\n\t\t\t\t\t\t<div class=\"elementor-element elementor-element-2ae0866 elementor-widget elementor-widget-text-editor\" data-id=\"2ae0866\" data-element_type=\"widget\" data-widget_type=\"text-editor.default\">\n\t\t\t\t<div class=\"elementor-widget-container\">\n\t\t\t\t\t\t\t<p><strong>Approccio integrato<\/strong> significa che la base del mio modo di lavorare \u00e8 un insieme di modelli teorici di riferimento, che scelgo di usare e di miscelare in base alla caratteristiche della persona che ho di fronte, nel rispetto dei suoi tempi e della sua UNICITA&#8217;.<\/p><p>I modelli teorici di riferimento sono quell&#8217;insieme di teorie psicologiche che mi guidano nell&#8217;esplorazione della personalit\u00e0 e del comportamento della persona per orientarla ad accrescere la consapevolezza di s\u00e9 e migliorare la qualit\u00e0 della propria vita.<\/p><p><strong>Pi\u00f9 ci conosciamo, pi\u00f9 impariamo a valorizzarci, mettendo a tacere quelle vocine che abbiamo subito passivamente nel corso della vita e che spesso ci hanno fatto credere di non valere abbastanza o non essere all&#8217;altezza delle situazioni.<\/strong><\/p><p>Nonostante la definizione \u201ccrescita personale<strong>\u201d<\/strong> sia abusata e usata un po&#8217; a sproposito, credo che un percorso psicologico possa essere un&#8217;acceleratore per la crescita personale.<\/p><p>Ognuno di noi, nella confusione in cui spesso si ritrova a vivere, possiede una parte profonda che aspetta di essere svelata e affermata.<\/p><p>Per <strong>\u201ccrescita personale\u201d<\/strong> intendo proprio questo processo di scoperta, valorizzazione e affermazione di s\u00e9 che siamo tenuti a svolgere proprio come compito evolutivo nella vita, dove ci sganciamo dalle convenzioni sociali, dalle etichette che ci hanno attaccato addosso e dalle aspettative altrui, e <strong>diamo alla luce noi stessi.<\/strong><\/p>\t\t\t\t\t\t<\/div>\n\t\t\t\t<\/div>\n\t\t\t\t\t<\/div>\n\t\t<\/div>\n\t\t\t\t\t<\/div>\n\t\t<\/section>\n\t\t\t\t<\/div>\n\t\t","protected":false},"excerpt":{"rendered":"<p>Il mio approccio Counseling Psicologico approccio integrato Quando una persona si rivolge a me iniziamo a percorrere una strada, un percorso insieme, che avr\u00e0 come destinazione il \u201cbenessere psicologico \u201c, ossia una condizione soggettiva dove la persona si senta maggiormente a suo agio e senta che sta affrontando la realt\u00e0 al meglio delle sue possibilit\u00e0.\u201cIl [&hellip;]<\/p>\n","protected":false},"author":1,"featured_media":0,"parent":0,"menu_order":0,"comment_status":"closed","ping_status":"closed","template":"elementor_header_footer","meta":{"footnotes":""},"_links":{"self":[{"href":"https:\/\/www.psicologaolbia.it\/index.php?rest_route=\/wp\/v2\/pages\/3037"}],"collection":[{"href":"https:\/\/www.psicologaolbia.it\/index.php?rest_route=\/wp\/v2\/pages"}],"about":[{"href":"https:\/\/www.psicologaolbia.it\/index.php?rest_route=\/wp\/v2\/types\/page"}],"author":[{"embeddable":true,"href":"https:\/\/www.psicologaolbia.it\/index.php?rest_route=\/wp\/v2\/users\/1"}],"replies":[{"embeddable":true,"href":"https:\/\/www.psicologaolbia.it\/index.php?rest_route=%2Fwp%2Fv2%2Fcomments&post=3037"}],"version-history":[{"count":34,"href":"https:\/\/www.psicologaolbia.it\/index.php?rest_route=\/wp\/v2\/pages\/3037\/revisions"}],"predecessor-version":[{"id":3462,"href":"https:\/\/www.psicologaolbia.it\/index.php?rest_route=\/wp\/v2\/pages\/3037\/revisions\/3462"}],"wp:attachment":[{"href":"https:\/\/www.psicologaolbia.it\/index.php?rest_route=%2Fwp%2Fv2%2Fmedia&parent=3037"}],"curies":[{"name":"wp","href":"https:\/\/api.w.org\/{rel}","templated":true}]}}