{"id":3099,"date":"2021-10-14T12:50:20","date_gmt":"2021-10-14T10:50:20","guid":{"rendered":"http:\/\/psicologaolbiait.trasferimentiaruba.it\/?page_id=3099"},"modified":"2022-02-22T12:30:44","modified_gmt":"2022-02-22T11:30:44","slug":"autostima","status":"publish","type":"page","link":"https:\/\/www.psicologaolbia.it\/?page_id=3099","title":{"rendered":"Autostima"},"content":{"rendered":"\t\t<div data-elementor-type=\"wp-page\" data-elementor-id=\"3099\" class=\"elementor elementor-3099\">\n\t\t\t\t\t\t<section class=\"elementor-section elementor-top-section elementor-element elementor-element-7e8eef elementor-section-height-min-height elementor-section-items-bottom elementor-section-boxed elementor-section-height-default\" data-id=\"7e8eef\" data-element_type=\"section\" data-settings=\"{&quot;background_background&quot;:&quot;classic&quot;}\">\n\t\t\t\t\t\t\t<div class=\"elementor-background-overlay\"><\/div>\n\t\t\t\t\t\t\t<div class=\"elementor-container elementor-column-gap-no\">\n\t\t\t\t\t<div class=\"elementor-column elementor-col-100 elementor-top-column elementor-element elementor-element-31bef83d\" data-id=\"31bef83d\" data-element_type=\"column\" data-settings=\"{&quot;background_background&quot;:&quot;classic&quot;}\">\n\t\t\t<div class=\"elementor-widget-wrap elementor-element-populated\">\n\t\t\t\t\t\t<div class=\"elementor-element elementor-element-69da68b elementor-widget elementor-widget-heading\" data-id=\"69da68b\" data-element_type=\"widget\" data-settings=\"{&quot;_animation&quot;:&quot;none&quot;,&quot;_animation_delay&quot;:&quot;300&quot;}\" data-widget_type=\"heading.default\">\n\t\t\t\t<div class=\"elementor-widget-container\">\n\t\t\t<h1 class=\"elementor-heading-title elementor-size-default\">Autostima<\/h1>\t\t<\/div>\n\t\t\t\t<\/div>\n\t\t\t\t\t<\/div>\n\t\t<\/div>\n\t\t\t\t\t<\/div>\n\t\t<\/section>\n\t\t\t\t<section class=\"elementor-section elementor-top-section elementor-element elementor-element-8d17681 elementor-section-boxed elementor-section-height-default elementor-section-height-default\" data-id=\"8d17681\" data-element_type=\"section\">\n\t\t\t\t\t\t<div class=\"elementor-container elementor-column-gap-default\">\n\t\t\t\t\t<div class=\"elementor-column elementor-col-50 elementor-top-column elementor-element elementor-element-5b3c01f\" data-id=\"5b3c01f\" data-element_type=\"column\">\n\t\t\t<div class=\"elementor-widget-wrap elementor-element-populated\">\n\t\t\t\t\t\t<div class=\"elementor-element elementor-element-f81e4cf elementor-widget elementor-widget-text-editor\" data-id=\"f81e4cf\" data-element_type=\"widget\" data-widget_type=\"text-editor.default\">\n\t\t\t\t<div class=\"elementor-widget-container\">\n\t\t\t\t\t\t\t<p>A tutti capita di fare confronti con gli altri. La societ\u00e0 ci spinge ad essere competitivi per aderire a standard ideali di produttivit\u00e0, bellezza, ricchezza, salute.<\/p><p>Quando capita per\u00f2 occorre spostare il focus del confronto da fuori a dentro.<\/p><p>L&#8217;unica vita con cui ci dobbiamo confrontare \u00e8 la nostra, e i momenti in cui ci sentiamo pi\u00f9 vulnerabili perch\u00e8 non realizzati o \u201cindietro\u201d sono quelli in cui prendere coscienza di questo.<\/p><p>Non \u00e8 cos\u00ec semplice, si ha bisogno di una guida, un sostegno in grado di aiutarci a correggere il modo in cui ci valutiamo.<\/p><p>L&#8217;autostima, cio\u00e8 il modo in cui ci diamo valore, non \u00e8 una caratteristica statica, ma \u00e8 un processo dinamico. E, questo processo lo dirigiamo noi, siamo noi a scegliere il modo pi\u00f9 realistico e gentile possibile di valutarci.<\/p><p>Migliorare l&#8217;autostima significa essere consapevole del proprio valore, prestando attenzione a non cadere in quei meccanismi che rendono questo processo valutativo sempre a nostro sfavore, e imparando a correggerci.<\/p>\t\t\t\t\t\t<\/div>\n\t\t\t\t<\/div>\n\t\t\t\t\t<\/div>\n\t\t<\/div>\n\t\t\t\t<div class=\"elementor-column elementor-col-50 elementor-top-column elementor-element elementor-element-276743e\" data-id=\"276743e\" data-element_type=\"column\">\n\t\t\t<div class=\"elementor-widget-wrap elementor-element-populated\">\n\t\t\t\t\t\t<div class=\"elementor-element elementor-element-6a7ec91 elementor-widget elementor-widget-image\" data-id=\"6a7ec91\" data-element_type=\"widget\" data-widget_type=\"image.default\">\n\t\t\t\t<div class=\"elementor-widget-container\">\n\t\t\t\t\t\t\t\t\t\t\t\t\t<img fetchpriority=\"high\" decoding=\"async\" width=\"640\" height=\"416\" src=\"https:\/\/www.psicologaolbia.it\/wp-content\/uploads\/autostima-2.jpg\" class=\"attachment-large size-large wp-image-3380\" alt=\"\" srcset=\"https:\/\/www.psicologaolbia.it\/wp-content\/uploads\/autostima-2.jpg 640w, https:\/\/www.psicologaolbia.it\/wp-content\/uploads\/autostima-2-300x195.jpg 300w\" sizes=\"(max-width: 640px) 100vw, 640px\" \/>\t\t\t\t\t\t\t\t\t\t\t\t\t<\/div>\n\t\t\t\t<\/div>\n\t\t\t\t\t<\/div>\n\t\t<\/div>\n\t\t\t\t\t<\/div>\n\t\t<\/section>\n\t\t\t\t<section class=\"elementor-section elementor-top-section elementor-element elementor-element-1cb6b13 elementor-section-boxed elementor-section-height-default elementor-section-height-default\" data-id=\"1cb6b13\" data-element_type=\"section\">\n\t\t\t\t\t\t<div class=\"elementor-container elementor-column-gap-default\">\n\t\t\t\t\t<div class=\"elementor-column elementor-col-100 elementor-top-column elementor-element elementor-element-e6f65af\" data-id=\"e6f65af\" data-element_type=\"column\">\n\t\t\t<div class=\"elementor-widget-wrap elementor-element-populated\">\n\t\t\t\t\t\t<div class=\"elementor-element elementor-element-02e86ff elementor-widget elementor-widget-text-editor\" data-id=\"02e86ff\" data-element_type=\"widget\" data-widget_type=\"text-editor.default\">\n\t\t\t\t<div class=\"elementor-widget-container\">\n\t\t\t\t\t\t\t<p><b>&#8220;<\/b><b>L&#8217;autostima non pu\u00f2 essere costruita dall&#8217;oggi al domani. Se continuerai a fare sforzi coraggiosi giorno dopo giorno, alla fine acquisterai fiducia. &#8220;<\/b><br><\/p>\n<p><b>Daisaku Ikeda<\/b><\/p>\t\t\t\t\t\t<\/div>\n\t\t\t\t<\/div>\n\t\t\t\t\t<\/div>\n\t\t<\/div>\n\t\t\t\t\t<\/div>\n\t\t<\/section>\n\t\t\t\t<section class=\"elementor-section elementor-top-section elementor-element elementor-element-9752d76 elementor-section-content-middle elementor-section-boxed elementor-section-height-default elementor-section-height-default\" data-id=\"9752d76\" data-element_type=\"section\" data-settings=\"{&quot;background_background&quot;:&quot;classic&quot;}\">\n\t\t\t\t\t\t\t<div class=\"elementor-background-overlay\"><\/div>\n\t\t\t\t\t\t\t<div class=\"elementor-container elementor-column-gap-default\">\n\t\t\t\t\t<div class=\"elementor-column elementor-col-100 elementor-top-column elementor-element elementor-element-9caa1bf\" data-id=\"9caa1bf\" data-element_type=\"column\">\n\t\t\t<div class=\"elementor-widget-wrap elementor-element-populated\">\n\t\t\t\t\t\t<section class=\"elementor-section elementor-inner-section elementor-element elementor-element-9616fd3 elementor-section-content-middle elementor-section-boxed elementor-section-height-default elementor-section-height-default\" data-id=\"9616fd3\" data-element_type=\"section\">\n\t\t\t\t\t\t<div class=\"elementor-container elementor-column-gap-default\">\n\t\t\t\t\t<div class=\"elementor-column elementor-col-50 elementor-inner-column elementor-element elementor-element-4b33fa8\" data-id=\"4b33fa8\" data-element_type=\"column\">\n\t\t\t<div class=\"elementor-widget-wrap elementor-element-populated\">\n\t\t\t\t\t\t<div class=\"elementor-element elementor-element-5e99e53 elementor-widget elementor-widget-heading\" data-id=\"5e99e53\" data-element_type=\"widget\" data-widget_type=\"heading.default\">\n\t\t\t\t<div class=\"elementor-widget-container\">\n\t\t\t<h2 class=\"elementor-heading-title elementor-size-default\">Vuoi avere maggiori informazioni?<\/h2>\t\t<\/div>\n\t\t\t\t<\/div>\n\t\t\t\t\t<\/div>\n\t\t<\/div>\n\t\t\t\t<div class=\"elementor-column elementor-col-50 elementor-inner-column elementor-element elementor-element-e75ae79\" data-id=\"e75ae79\" data-element_type=\"column\">\n\t\t\t<div class=\"elementor-widget-wrap elementor-element-populated\">\n\t\t\t\t\t\t<div class=\"elementor-element elementor-element-df099a9 elementor-align-justify elementor-mobile-align-justify elementor-widget elementor-widget-button\" data-id=\"df099a9\" data-element_type=\"widget\" data-widget_type=\"button.default\">\n\t\t\t\t<div class=\"elementor-widget-container\">\n\t\t\t\t\t<div class=\"elementor-button-wrapper\">\n\t\t\t<a class=\"elementor-button elementor-button-link elementor-size-lg elementor-animation-grow\" href=\"http:\/\/psicologaolbia.it\/?page_id=3216\">\n\t\t\t\t\t\t<span class=\"elementor-button-content-wrapper\">\n\t\t\t\t\t\t<span class=\"elementor-button-text\">contattami ora<\/span>\n\t\t<\/span>\n\t\t\t\t\t<\/a>\n\t\t<\/div>\n\t\t\t\t<\/div>\n\t\t\t\t<\/div>\n\t\t\t\t\t<\/div>\n\t\t<\/div>\n\t\t\t\t\t<\/div>\n\t\t<\/section>\n\t\t\t\t\t<\/div>\n\t\t<\/div>\n\t\t\t\t\t<\/div>\n\t\t<\/section>\n\t\t\t\t<\/div>\n\t\t","protected":false},"excerpt":{"rendered":"<p>Autostima A tutti capita di fare confronti con gli altri. La societ\u00e0 ci spinge ad essere competitivi per aderire a standard ideali di produttivit\u00e0, bellezza, ricchezza, salute. Quando capita per\u00f2 occorre spostare il focus del confronto da fuori a dentro. L&#8217;unica vita con cui ci dobbiamo confrontare \u00e8 la nostra, e i momenti in cui [&hellip;]<\/p>\n","protected":false},"author":1,"featured_media":0,"parent":0,"menu_order":0,"comment_status":"closed","ping_status":"closed","template":"elementor_header_footer","meta":{"footnotes":""},"_links":{"self":[{"href":"https:\/\/www.psicologaolbia.it\/index.php?rest_route=\/wp\/v2\/pages\/3099"}],"collection":[{"href":"https:\/\/www.psicologaolbia.it\/index.php?rest_route=\/wp\/v2\/pages"}],"about":[{"href":"https:\/\/www.psicologaolbia.it\/index.php?rest_route=\/wp\/v2\/types\/page"}],"author":[{"embeddable":true,"href":"https:\/\/www.psicologaolbia.it\/index.php?rest_route=\/wp\/v2\/users\/1"}],"replies":[{"embeddable":true,"href":"https:\/\/www.psicologaolbia.it\/index.php?rest_route=%2Fwp%2Fv2%2Fcomments&post=3099"}],"version-history":[{"count":48,"href":"https:\/\/www.psicologaolbia.it\/index.php?rest_route=\/wp\/v2\/pages\/3099\/revisions"}],"predecessor-version":[{"id":3523,"href":"https:\/\/www.psicologaolbia.it\/index.php?rest_route=\/wp\/v2\/pages\/3099\/revisions\/3523"}],"wp:attachment":[{"href":"https:\/\/www.psicologaolbia.it\/index.php?rest_route=%2Fwp%2Fv2%2Fmedia&parent=3099"}],"curies":[{"name":"wp","href":"https:\/\/api.w.org\/{rel}","templated":true}]}}