{"id":5,"date":"2018-09-26T08:48:07","date_gmt":"2018-09-26T08:48:07","guid":{"rendered":"https:\/\/websitedemos.net\/italian-restaurant-01\/?page_id=5"},"modified":"2022-01-18T10:39:14","modified_gmt":"2022-01-18T09:39:14","slug":"home-2","status":"publish","type":"page","link":"https:\/\/www.psicologaolbia.it\/","title":{"rendered":"Home"},"content":{"rendered":"\t\t<div data-elementor-type=\"wp-page\" data-elementor-id=\"5\" class=\"elementor elementor-5\">\n\t\t\t\t\t\t<section class=\"elementor-section elementor-top-section elementor-element elementor-element-7e8eef elementor-section-height-min-height elementor-section-items-stretch elementor-section-boxed elementor-section-height-default\" data-id=\"7e8eef\" data-element_type=\"section\" data-settings=\"{&quot;background_background&quot;:&quot;classic&quot;}\">\n\t\t\t\t\t\t<div class=\"elementor-container elementor-column-gap-no\">\n\t\t\t\t\t<div class=\"elementor-column elementor-col-100 elementor-top-column elementor-element elementor-element-31bef83d\" data-id=\"31bef83d\" data-element_type=\"column\" data-settings=\"{&quot;background_background&quot;:&quot;classic&quot;}\">\n\t\t\t<div class=\"elementor-widget-wrap elementor-element-populated\">\n\t\t\t\t\t\t<div class=\"elementor-element elementor-element-69da68b elementor-widget elementor-widget-heading\" data-id=\"69da68b\" data-element_type=\"widget\" data-settings=\"{&quot;_animation&quot;:&quot;none&quot;,&quot;_animation_delay&quot;:&quot;300&quot;}\" data-widget_type=\"heading.default\">\n\t\t\t\t<div class=\"elementor-widget-container\">\n\t\t\t<h1 class=\"elementor-heading-title elementor-size-default\">Dott.ssa Simona Serreri<\/h1>\t\t<\/div>\n\t\t\t\t<\/div>\n\t\t\t\t<div class=\"elementor-element elementor-element-9b00e1b elementor-widget elementor-widget-heading\" data-id=\"9b00e1b\" data-element_type=\"widget\" data-widget_type=\"heading.default\">\n\t\t\t\t<div class=\"elementor-widget-container\">\n\t\t\t<h2 class=\"elementor-heading-title elementor-size-default\">Psicologa <\/h2>\t\t<\/div>\n\t\t\t\t<\/div>\n\t\t\t\t<div class=\"elementor-element elementor-element-d2af247 elementor-widget elementor-widget-heading\" data-id=\"d2af247\" data-element_type=\"widget\" data-widget_type=\"heading.default\">\n\t\t\t\t<div class=\"elementor-widget-container\">\n\t\t\t<h2 class=\"elementor-heading-title elementor-size-default\">Counseling Psicologico approccio integrato <\/h2>\t\t<\/div>\n\t\t\t\t<\/div>\n\t\t\t\t\t<\/div>\n\t\t<\/div>\n\t\t\t\t\t<\/div>\n\t\t<\/section>\n\t\t\t\t<section class=\"elementor-section elementor-top-section elementor-element elementor-element-74498a5 elementor-section-boxed elementor-section-height-default elementor-section-height-default\" data-id=\"74498a5\" data-element_type=\"section\">\n\t\t\t\t\t\t<div class=\"elementor-container elementor-column-gap-default\">\n\t\t\t\t\t<div class=\"elementor-column elementor-col-50 elementor-top-column elementor-element elementor-element-4f5e1a0\" data-id=\"4f5e1a0\" data-element_type=\"column\">\n\t\t\t<div class=\"elementor-widget-wrap elementor-element-populated\">\n\t\t\t\t\t\t<div class=\"elementor-element elementor-element-e934813 elementor-widget elementor-widget-image\" data-id=\"e934813\" data-element_type=\"widget\" data-widget_type=\"image.default\">\n\t\t\t\t<div class=\"elementor-widget-container\">\n\t\t\t\t\t\t\t\t\t\t\t\t\t<img fetchpriority=\"high\" decoding=\"async\" width=\"580\" height=\"580\" src=\"https:\/\/www.psicologaolbia.it\/wp-content\/uploads\/9d25f6f8-d65e-4a16-9ef4-d0fe227af93d.jpg\" class=\"attachment-full size-full wp-image-2893\" alt=\"\" srcset=\"https:\/\/www.psicologaolbia.it\/wp-content\/uploads\/9d25f6f8-d65e-4a16-9ef4-d0fe227af93d.jpg 580w, https:\/\/www.psicologaolbia.it\/wp-content\/uploads\/9d25f6f8-d65e-4a16-9ef4-d0fe227af93d-300x300.jpg 300w, https:\/\/www.psicologaolbia.it\/wp-content\/uploads\/9d25f6f8-d65e-4a16-9ef4-d0fe227af93d-150x150.jpg 150w\" sizes=\"(max-width: 580px) 100vw, 580px\" \/>\t\t\t\t\t\t\t\t\t\t\t\t\t<\/div>\n\t\t\t\t<\/div>\n\t\t\t\t\t<\/div>\n\t\t<\/div>\n\t\t\t\t<div class=\"elementor-column elementor-col-50 elementor-top-column elementor-element elementor-element-cc1ca7c\" data-id=\"cc1ca7c\" data-element_type=\"column\">\n\t\t\t<div class=\"elementor-widget-wrap elementor-element-populated\">\n\t\t\t\t\t\t<div class=\"elementor-element elementor-element-c29a707 elementor-widget elementor-widget-heading\" data-id=\"c29a707\" data-element_type=\"widget\" data-widget_type=\"heading.default\">\n\t\t\t\t<div class=\"elementor-widget-container\">\n\t\t\t<h2 class=\"elementor-heading-title elementor-size-default\">Promuovere salute e benessere psicologico significa, per me, guidare e motivare le persone a CAMBIARE!<\/h2>\t\t<\/div>\n\t\t\t\t<\/div>\n\t\t\t\t<div class=\"elementor-element elementor-element-9e11ca0 elementor-widget elementor-widget-text-editor\" data-id=\"9e11ca0\" data-element_type=\"widget\" data-widget_type=\"text-editor.default\">\n\t\t\t\t<div class=\"elementor-widget-container\">\n\t\t\t\t\t\t\t<p>Spesso accade, infatti, che si attraversino periodi \u00a0di vita complessi e si abbia la necessit\u00e0 di cambiare abitudini, comportamenti, \u00a0prendere una decisione o semplicemente accettare una situazione dolorosa.\u00a0<\/p><p>Ma non \u00e8 sempre facile, si vivono emozioni intense e ci si sente frastornati e bloccati, non si riesce ad AGIRE.\u00a0<\/p>\t\t\t\t\t\t<\/div>\n\t\t\t\t<\/div>\n\t\t\t\t<section class=\"elementor-section elementor-inner-section elementor-element elementor-element-0c9a930 elementor-section-boxed elementor-section-height-default elementor-section-height-default\" data-id=\"0c9a930\" data-element_type=\"section\">\n\t\t\t\t\t\t<div class=\"elementor-container elementor-column-gap-default\">\n\t\t\t\t\t<div class=\"elementor-column elementor-col-33 elementor-inner-column elementor-element elementor-element-117fe0a\" data-id=\"117fe0a\" data-element_type=\"column\">\n\t\t\t<div class=\"elementor-widget-wrap elementor-element-populated\">\n\t\t\t\t\t\t<div class=\"elementor-element elementor-element-1bab5be elementor-align-justify elementor-widget elementor-widget-button\" data-id=\"1bab5be\" data-element_type=\"widget\" data-widget_type=\"button.default\">\n\t\t\t\t<div class=\"elementor-widget-container\">\n\t\t\t\t\t<div class=\"elementor-button-wrapper\">\n\t\t\t<a class=\"elementor-button elementor-button-link elementor-size-lg elementor-animation-grow\" href=\"http:\/\/psicologaolbia.it\/?page_id=2987\">\n\t\t\t\t\t\t<span class=\"elementor-button-content-wrapper\">\n\t\t\t\t\t\t<span class=\"elementor-button-text\">chi sono<\/span>\n\t\t<\/span>\n\t\t\t\t\t<\/a>\n\t\t<\/div>\n\t\t\t\t<\/div>\n\t\t\t\t<\/div>\n\t\t\t\t\t<\/div>\n\t\t<\/div>\n\t\t\t\t<div class=\"elementor-column elementor-col-33 elementor-inner-column elementor-element elementor-element-3a18134\" data-id=\"3a18134\" data-element_type=\"column\">\n\t\t\t<div class=\"elementor-widget-wrap elementor-element-populated\">\n\t\t\t\t\t\t<div class=\"elementor-element elementor-element-c37ae05 elementor-align-justify elementor-widget elementor-widget-button\" data-id=\"c37ae05\" data-element_type=\"widget\" data-widget_type=\"button.default\">\n\t\t\t\t<div class=\"elementor-widget-container\">\n\t\t\t\t\t<div class=\"elementor-button-wrapper\">\n\t\t\t<a class=\"elementor-button elementor-button-link elementor-size-lg elementor-animation-grow\" href=\"http:\/\/psicologaolbia.it\/?page_id=3037\">\n\t\t\t\t\t\t<span class=\"elementor-button-content-wrapper\">\n\t\t\t\t\t\t<span class=\"elementor-button-text\">il mio approccio<\/span>\n\t\t<\/span>\n\t\t\t\t\t<\/a>\n\t\t<\/div>\n\t\t\t\t<\/div>\n\t\t\t\t<\/div>\n\t\t\t\t\t<\/div>\n\t\t<\/div>\n\t\t\t\t<div class=\"elementor-column elementor-col-33 elementor-inner-column elementor-element elementor-element-f5dee9c\" data-id=\"f5dee9c\" data-element_type=\"column\">\n\t\t\t<div class=\"elementor-widget-wrap\">\n\t\t\t\t\t\t\t<\/div>\n\t\t<\/div>\n\t\t\t\t\t<\/div>\n\t\t<\/section>\n\t\t\t\t\t<\/div>\n\t\t<\/div>\n\t\t\t\t\t<\/div>\n\t\t<\/section>\n\t\t\t\t<section class=\"elementor-section elementor-top-section elementor-element elementor-element-ecdb586 elementor-section-boxed elementor-section-height-default elementor-section-height-default\" data-id=\"ecdb586\" data-element_type=\"section\">\n\t\t\t\t\t\t<div class=\"elementor-container elementor-column-gap-default\">\n\t\t\t\t\t<div class=\"elementor-column elementor-col-100 elementor-top-column elementor-element elementor-element-07a4821\" data-id=\"07a4821\" data-element_type=\"column\">\n\t\t\t<div class=\"elementor-widget-wrap elementor-element-populated\">\n\t\t\t\t\t\t<div class=\"elementor-element elementor-element-5fa4876 elementor-widget elementor-widget-text-editor\" data-id=\"5fa4876\" data-element_type=\"widget\" data-widget_type=\"text-editor.default\">\n\t\t\t\t<div class=\"elementor-widget-container\">\n\t\t\t\t\t\t\t<p>I miei servizi:<\/p><ul><li>Colloqui e percorsi psicologici adulti e giovani adulti<\/li><li><p>Attivit\u00e0 di promozione della salute e benessere psicologico presso enti privati attraverso incontri tematici e laboratori esperienziali<\/p><\/li><li><p>Psico-educazione alimentare e promozione di comportamenti alimentari consapevoli presso scuole primarie<\/p><\/li><li><p>Attivit\u00e0 individuali e di gruppo con il protocollo, MB- Eat: Programma di consapevolezza alimentare basato sulla Mindfulness<\/p><\/li><li><p>Attivit\u00e0 formative presso enti privati per la prevenzione del burn out e gestione dello stress<\/p><\/li><li><p>Rilassamento psico-corporeo per la prevenzione e gestione dello stress psicofisico in attivit\u00e0 individuali e incontri di gruppo<\/p><\/li><\/ul>\t\t\t\t\t\t<\/div>\n\t\t\t\t<\/div>\n\t\t\t\t\t<\/div>\n\t\t<\/div>\n\t\t\t\t\t<\/div>\n\t\t<\/section>\n\t\t\t\t<section class=\"elementor-section elementor-top-section elementor-element elementor-element-d265e02 elementor-section-boxed elementor-section-height-default elementor-section-height-default\" data-id=\"d265e02\" data-element_type=\"section\">\n\t\t\t\t\t\t<div class=\"elementor-container elementor-column-gap-default\">\n\t\t\t\t\t<div class=\"elementor-column elementor-col-100 elementor-top-column elementor-element elementor-element-ff0d808\" data-id=\"ff0d808\" data-element_type=\"column\">\n\t\t\t<div class=\"elementor-widget-wrap elementor-element-populated\">\n\t\t\t\t\t\t<div class=\"elementor-element elementor-element-ec02298 elementor-widget elementor-widget-text-editor\" data-id=\"ec02298\" data-element_type=\"widget\" data-widget_type=\"text-editor.default\">\n\t\t\t\t<div class=\"elementor-widget-container\">\n\t\t\t\t\t\t\t<p><strong>Colloqui e percorsi psicologici individuali<\/strong><\/p><p>L&#8217;obiettivo del mio lavoro \u00e8 quello di sostenere le persone ad accrescere il proprio benessere psicologico imparando a:<\/p><ul><li><p>legittimare le proprie emozioni, dar loro voce e comunicarle agli altri, se occorre;<\/p><\/li><li><p>riconoscere i propri bisogni e imparare a soddisfarli;<\/p><\/li><li><p>diventare consapevoli del proprio potere e delle proprie scelte, armonizzandole ai valori che maturiamo nel corso della vita;<\/p><\/li><li><p>imparare a dialogare con se stessi in modo pi\u00f9 realistico e amorevole, andando oltre gli automatismi che portano a reagire allo stesso modo alle difficolt\u00e0.<\/p><\/li><\/ul><p>I pimi colloqui offrono uno spazio di esplorazione della propria storia di vita e gettano le basi per una relazione accogliente ed empatica dove iniziare ad impostare un eventuale obiettivo di lavoro.<\/p><p>Una volta concordato l&#8217;obiettivo e consolidata la relazione si procede, con i tempi della persona, accompagnandola a realizzare atteggiamenti e comportamenti che la aiutano a stare pi\u00f9 a proprio agio con se stessa e con gli altri.<\/p><p align=\"JUSTIFY\">Nel percorso psicologico la persona inizia a concendersi ci\u00f2 che fino ad allora gli \u00e8 mancato o non \u00e8 riuscita a chiedere in altri contesti. Pu\u00f2 iniziare a sperimentare maggiore morbidezza e incoraggiamento nei suoi confronti, accogliendo gli errori come parte del processo di crescita.<\/p>\t\t\t\t\t\t<\/div>\n\t\t\t\t<\/div>\n\t\t\t\t\t<\/div>\n\t\t<\/div>\n\t\t\t\t\t<\/div>\n\t\t<\/section>\n\t\t\t\t<section class=\"elementor-section elementor-top-section elementor-element elementor-element-bf66378 elementor-section-boxed elementor-section-height-default elementor-section-height-default\" data-id=\"bf66378\" data-element_type=\"section\" data-settings=\"{&quot;background_background&quot;:&quot;classic&quot;}\">\n\t\t\t\t\t\t<div class=\"elementor-container elementor-column-gap-default\">\n\t\t\t\t\t<div class=\"elementor-column elementor-col-100 elementor-top-column elementor-element elementor-element-96e690a\" data-id=\"96e690a\" data-element_type=\"column\">\n\t\t\t<div class=\"elementor-widget-wrap elementor-element-populated\">\n\t\t\t\t\t\t<div class=\"elementor-element elementor-element-80b7f0b elementor-widget elementor-widget-heading\" data-id=\"80b7f0b\" data-element_type=\"widget\" data-widget_type=\"heading.default\">\n\t\t\t\t<div class=\"elementor-widget-container\">\n\t\t\t<h3 class=\"elementor-heading-title elementor-size-default\">Le ultime news dal mio blog<\/h3>\t\t<\/div>\n\t\t\t\t<\/div>\n\t\t\t\t<div class=\"elementor-element elementor-element-d17e668 elementor-widget elementor-widget-html\" data-id=\"d17e668\" data-element_type=\"widget\" data-widget_type=\"html.default\">\n\t\t\t\t<div class=\"elementor-widget-container\">\n\t\t\t<div class=\"feedgrabbr_widget\" id=\"fgid_cf31637bf20a5fa853ce50ab1\"><\/div>\r\n<script>if (typeof (fg_widgets) === \"undefined\") fg_widgets = new Array(); fg_widgets.push(\"fgid_cf31637bf20a5fa853ce50ab1\");<\/script>\r\n<script async src=\"https:\/\/www.feedgrabbr.com\/widget\/fgwidget.js\"><\/script>\t\t<\/div>\n\t\t\t\t<\/div>\n\t\t\t\t\t<\/div>\n\t\t<\/div>\n\t\t\t\t\t<\/div>\n\t\t<\/section>\n\t\t\t\t<section class=\"elementor-section elementor-top-section elementor-element elementor-element-4830d1a elementor-section-content-middle elementor-section-boxed elementor-section-height-default elementor-section-height-default\" data-id=\"4830d1a\" data-element_type=\"section\" data-settings=\"{&quot;background_background&quot;:&quot;classic&quot;}\">\n\t\t\t\t\t\t\t<div class=\"elementor-background-overlay\"><\/div>\n\t\t\t\t\t\t\t<div class=\"elementor-container elementor-column-gap-default\">\n\t\t\t\t\t<div class=\"elementor-column elementor-col-100 elementor-top-column elementor-element elementor-element-8e64025\" data-id=\"8e64025\" data-element_type=\"column\">\n\t\t\t<div class=\"elementor-widget-wrap\">\n\t\t\t\t\t\t\t<\/div>\n\t\t<\/div>\n\t\t\t\t\t<\/div>\n\t\t<\/section>\n\t\t\t\t<\/div>\n\t\t","protected":false},"excerpt":{"rendered":"<p>Dott.ssa Simona Serreri Psicologa Counseling Psicologico approccio integrato Promuovere salute e benessere psicologico significa, per me, guidare e motivare le persone a CAMBIARE! Spesso accade, infatti, che si attraversino periodi \u00a0di vita complessi e si abbia la necessit\u00e0 di cambiare abitudini, comportamenti, \u00a0prendere una decisione o semplicemente accettare una situazione dolorosa.\u00a0 Ma non \u00e8 sempre [&hellip;]<\/p>\n","protected":false},"author":1,"featured_media":0,"parent":0,"menu_order":0,"comment_status":"closed","ping_status":"closed","template":"elementor_header_footer","meta":{"footnotes":""},"_links":{"self":[{"href":"https:\/\/www.psicologaolbia.it\/index.php?rest_route=\/wp\/v2\/pages\/5"}],"collection":[{"href":"https:\/\/www.psicologaolbia.it\/index.php?rest_route=\/wp\/v2\/pages"}],"about":[{"href":"https:\/\/www.psicologaolbia.it\/index.php?rest_route=\/wp\/v2\/types\/page"}],"author":[{"embeddable":true,"href":"https:\/\/www.psicologaolbia.it\/index.php?rest_route=\/wp\/v2\/users\/1"}],"replies":[{"embeddable":true,"href":"https:\/\/www.psicologaolbia.it\/index.php?rest_route=%2Fwp%2Fv2%2Fcomments&post=5"}],"version-history":[{"count":148,"href":"https:\/\/www.psicologaolbia.it\/index.php?rest_route=\/wp\/v2\/pages\/5\/revisions"}],"predecessor-version":[{"id":3448,"href":"https:\/\/www.psicologaolbia.it\/index.php?rest_route=\/wp\/v2\/pages\/5\/revisions\/3448"}],"wp:attachment":[{"href":"https:\/\/www.psicologaolbia.it\/index.php?rest_route=%2Fwp%2Fv2%2Fmedia&parent=5"}],"curies":[{"name":"wp","href":"https:\/\/api.w.org\/{rel}","templated":true}]}}